{"id":9231,"date":"2024-01-25T18:22:16","date_gmt":"2024-01-25T17:22:16","guid":{"rendered":"https:\/\/laconcepcio.cat\/?page_id=9231"},"modified":"2024-02-19T11:48:14","modified_gmt":"2024-02-19T10:48:14","slug":"recetas","status":"publish","type":"page","link":"https:\/\/www.laconcepcio.cat\/es\/recetas\/","title":{"rendered":"Recetas"},"content":{"rendered":"<div id=\"pl-9231\"  class=\"panel-layout\" ><div id=\"pg-9231-0\"  class=\"panel-grid panel-no-style\" ><div id=\"pgc-9231-0-0\"  class=\"panel-grid-cell\" ><p class=\"categories\"><a href=\"\/es\/recetas\/\" class=\"actiu\">Todas<\/a><a href=\"\/es\/recetas\/?cat=primeros-platos\">Primeros platos<\/a><a href=\"\/es\/recetas\/?cat=segundos-platos\">Segundos platos<\/a><a href=\"\/es\/recetas\/?cat=postres\">Postres<\/a><\/p><ul class=\"loop-receptes\"><li><a href=\"https:\/\/www.laconcepcio.cat\/es\/recepta\/butifarra-con-champinones-guisados\/\"><img decoding=\"async\" src=\"\/wp-content\/uploads\/img-parada.jpg\" class=\"wp-post-image\" \/ fetchpriority=\"high\"><h2>Butifarra con champi\u00f1ones guisados<\/h2><\/a><\/li><li><a href=\"https:\/\/www.laconcepcio.cat\/es\/recepta\/cabrito-a-la-cerveza\/\"><img decoding=\"async\" src=\"\/wp-content\/uploads\/img-parada.jpg\" class=\"wp-post-image\" \/ loading=\"lazy\" fetchpriority=\"low\"><h2>Cabrito a la cerveza<\/h2><\/a><\/li><li><a href=\"https:\/\/www.laconcepcio.cat\/es\/recepta\/cabrito-castellano\/\"><img decoding=\"async\" src=\"\/wp-content\/uploads\/img-parada.jpg\" class=\"wp-post-image\" \/ loading=\"lazy\" fetchpriority=\"low\"><h2>Cabrito castellano<\/h2><\/a><\/li><li><a href=\"https:\/\/www.laconcepcio.cat\/es\/recepta\/codo-estofado-y-patatas-salteadas-con-bacon\/\"><img decoding=\"async\" src=\"\/wp-content\/uploads\/img-parada.jpg\" class=\"wp-post-image\" \/ loading=\"lazy\" fetchpriority=\"low\"><h2>Codo estofado y patatas salteadas con bacon<\/h2><\/a><\/li><li><a href=\"https:\/\/www.laconcepcio.cat\/es\/recepta\/crema-de-champinones\/\"><img decoding=\"async\" src=\"\/wp-content\/uploads\/img-parada.jpg\" class=\"wp-post-image\" \/ loading=\"lazy\" fetchpriority=\"low\"><h2>Crema de champi\u00f1ones<\/h2><\/a><\/li><li><a href=\"https:\/\/www.laconcepcio.cat\/es\/recepta\/ensalada-de-frutas\/\"><img decoding=\"async\" src=\"\/wp-content\/uploads\/img-parada.jpg\" class=\"wp-post-image\" \/ loading=\"lazy\" fetchpriority=\"low\"><h2>Ensalada de frutas<\/h2><\/a><\/li><li><a href=\"https:\/\/www.laconcepcio.cat\/es\/recepta\/ensalada-de-patata\/\"><img decoding=\"async\" src=\"\/wp-content\/uploads\/img-parada.jpg\" class=\"wp-post-image\" \/ loading=\"lazy\" fetchpriority=\"low\"><h2>Ensalada de patata<\/h2><\/a><\/li><li><a href=\"https:\/\/www.laconcepcio.cat\/es\/recepta\/fondue-suiza\/\"><img decoding=\"async\" src=\"\/wp-content\/uploads\/img-parada.jpg\" class=\"wp-post-image\" \/ loading=\"lazy\" fetchpriority=\"low\"><h2>Fondue suiza<\/h2><\/a><\/li><li><a href=\"https:\/\/www.laconcepcio.cat\/es\/recepta\/lomo-con-mostaza-al-estragon\/\"><img decoding=\"async\" src=\"\/wp-content\/uploads\/img-parada.jpg\" class=\"wp-post-image\" \/ loading=\"lazy\" fetchpriority=\"low\"><h2>Lomo con mostaza al estrag\u00f3n<\/h2><\/a><\/li><li><a href=\"https:\/\/www.laconcepcio.cat\/es\/recepta\/lomo-de-cerdo-a-la-sal-en-el-horno\/\"><img decoding=\"async\" src=\"\/wp-content\/uploads\/img-parada.jpg\" class=\"wp-post-image\" \/ loading=\"lazy\" fetchpriority=\"low\"><h2>Lomo de cerdo a la sal en el horno<\/h2><\/a><\/li><li><a href=\"https:\/\/www.laconcepcio.cat\/es\/recepta\/manos-o-pies-de-cerdo-con-tomate\/\"><img decoding=\"async\" src=\"\/wp-content\/uploads\/img-parada.jpg\" class=\"wp-post-image\" \/ loading=\"lazy\" fetchpriority=\"low\"><h2>Manos o pies de cerdo con tomate<\/h2><\/a><\/li><li><a href=\"https:\/\/www.laconcepcio.cat\/es\/recepta\/panellets\/\"><img decoding=\"async\" src=\"\/wp-content\/uploads\/img-parada.jpg\" class=\"wp-post-image\" \/ loading=\"lazy\" fetchpriority=\"low\"><h2>Panellets<\/h2><\/a><\/li><\/ul><div id=\"panel-9231-0-0-0\" class=\"so-panel widget widget_sow-editor panel-first-child panel-last-child\" data-index=\"0\" ><div\n\t\t\t\n\t\t\tclass=\"so-widget-sow-editor so-widget-sow-editor-base\"\n\t\t\t\n\t\t>\n<div class=\"siteorigin-widget-tinymce textwidget\">\n\t\n<\/div>\n<\/div><\/div><\/div><\/div><\/div>","protected":false},"excerpt":{"rendered":"<p>TodasPrimeros platosSegundos platosPostresButifarra con champi\u00f1ones guisadosCabrito a la cervezaCabrito castellanoCodo estofado y patatas salteadas con baconCrema de champi\u00f1onesEnsalada de frutasEnsalada de patataFondue suizaLomo con mostaza al estrag\u00f3nLomo de cerdo a la sal en el hornoManos o pies de cerdo con tomatePanellets<\/p>\n","protected":false},"author":2,"featured_media":3149,"parent":0,"menu_order":6,"comment_status":"closed","ping_status":"closed","template":"template-fullwidth.php","meta":{"_acf_changed":false,"_monsterinsights_skip_tracking":false,"_monsterinsights_sitenote_active":false,"_monsterinsights_sitenote_note":"","_monsterinsights_sitenote_category":0,"footnotes":""},"class_list":["post-9231","page","type-page","status-publish","has-post-thumbnail","hentry"],"acf":[],"yoast_head":"<!-- This site is optimized with the Yoast SEO plugin v27.5 - https:\/\/yoast.com\/product\/yoast-seo-wordpress\/ -->\n<title>Recetas - Mercat de la Concepci\u00f3<\/title>\n<meta name=\"robots\" content=\"index, follow, max-snippet:-1, max-image-preview:large, max-video-preview:-1\" \/>\n<link rel=\"canonical\" href=\"https:\/\/www.laconcepcio.cat\/es\/recetas\/\" \/>\n<meta property=\"og:locale\" content=\"es_ES\" \/>\n<meta property=\"og:type\" content=\"article\" \/>\n<meta property=\"og:title\" content=\"Recetas - Mercat de la Concepci\u00f3\" \/>\n<meta property=\"og:description\" content=\"TodasPrimeros platosSegundos platosPostresButifarra con champi\u00f1ones guisadosCabrito a la cervezaCabrito castellanoCodo estofado y patatas salteadas con baconCrema de champi\u00f1onesEnsalada de frutasEnsalada de patataFondue suizaLomo con mostaza al estrag\u00f3nLomo de cerdo a la sal en el hornoManos o pies de cerdo con tomatePanellets\" \/>\n<meta property=\"og:url\" content=\"https:\/\/www.laconcepcio.cat\/es\/recetas\/\" \/>\n<meta property=\"og:site_name\" content=\"Mercat de la Concepci\u00f3\" \/>\n<meta property=\"article:publisher\" content=\"https:\/\/www.facebook.com\/people\/Reemocioart\/100076073310442\/\" \/>\n<meta property=\"article:modified_time\" content=\"2024-02-19T10:48:14+00:00\" \/>\n<meta property=\"og:image\" content=\"https:\/\/www.laconcepcio.cat\/wp-content\/uploads\/bg-cab-receptes.jpg\" \/>\n\t<meta property=\"og:image:width\" content=\"1440\" \/>\n\t<meta property=\"og:image:height\" content=\"400\" \/>\n\t<meta property=\"og:image:type\" content=\"image\/jpeg\" \/>\n<meta name=\"twitter:card\" content=\"summary_large_image\" \/>\n<script type=\"application\/ld+json\" class=\"yoast-schema-graph\">{\"@context\":\"https:\\\/\\\/schema.org\",\"@graph\":[{\"@type\":\"WebPage\",\"@id\":\"https:\\\/\\\/www.laconcepcio.cat\\\/es\\\/recetas\\\/\",\"url\":\"https:\\\/\\\/www.laconcepcio.cat\\\/es\\\/recetas\\\/\",\"name\":\"Recetas - Mercat de la Concepci\u00f3\",\"isPartOf\":{\"@id\":\"https:\\\/\\\/www.laconcepcio.cat\\\/#website\"},\"primaryImageOfPage\":{\"@id\":\"https:\\\/\\\/www.laconcepcio.cat\\\/es\\\/recetas\\\/#primaryimage\"},\"image\":{\"@id\":\"https:\\\/\\\/www.laconcepcio.cat\\\/es\\\/recetas\\\/#primaryimage\"},\"thumbnailUrl\":\"https:\\\/\\\/www.laconcepcio.cat\\\/wp-content\\\/uploads\\\/bg-cab-receptes.jpg\",\"datePublished\":\"2024-01-25T17:22:16+00:00\",\"dateModified\":\"2024-02-19T10:48:14+00:00\",\"breadcrumb\":{\"@id\":\"https:\\\/\\\/www.laconcepcio.cat\\\/es\\\/recetas\\\/#breadcrumb\"},\"inLanguage\":\"es\",\"potentialAction\":[{\"@type\":\"ReadAction\",\"target\":[\"https:\\\/\\\/www.laconcepcio.cat\\\/es\\\/recetas\\\/\"]}]},{\"@type\":\"ImageObject\",\"inLanguage\":\"es\",\"@id\":\"https:\\\/\\\/www.laconcepcio.cat\\\/es\\\/recetas\\\/#primaryimage\",\"url\":\"https:\\\/\\\/www.laconcepcio.cat\\\/wp-content\\\/uploads\\\/bg-cab-receptes.jpg\",\"contentUrl\":\"https:\\\/\\\/www.laconcepcio.cat\\\/wp-content\\\/uploads\\\/bg-cab-receptes.jpg\",\"width\":1440,\"height\":400},{\"@type\":\"BreadcrumbList\",\"@id\":\"https:\\\/\\\/www.laconcepcio.cat\\\/es\\\/recetas\\\/#breadcrumb\",\"itemListElement\":[{\"@type\":\"ListItem\",\"position\":1,\"name\":\"Portada\",\"item\":\"https:\\\/\\\/www.laconcepcio.cat\\\/es\\\/\"},{\"@type\":\"ListItem\",\"position\":2,\"name\":\"Recetas\"}]},{\"@type\":\"WebSite\",\"@id\":\"https:\\\/\\\/www.laconcepcio.cat\\\/#website\",\"url\":\"https:\\\/\\\/www.laconcepcio.cat\\\/\",\"name\":\"Mercat de la Concepci\u00f3\",\"description\":\"\",\"publisher\":{\"@id\":\"https:\\\/\\\/www.laconcepcio.cat\\\/#organization\"},\"alternateName\":\"Velas naturales\",\"potentialAction\":[{\"@type\":\"SearchAction\",\"target\":{\"@type\":\"EntryPoint\",\"urlTemplate\":\"https:\\\/\\\/www.laconcepcio.cat\\\/?s={search_term_string}\"},\"query-input\":{\"@type\":\"PropertyValueSpecification\",\"valueRequired\":true,\"valueName\":\"search_term_string\"}}],\"inLanguage\":\"es\"},{\"@type\":\"Organization\",\"@id\":\"https:\\\/\\\/www.laconcepcio.cat\\\/#organization\",\"name\":\"Reemocioart\",\"alternateName\":\"Reemocioart\",\"url\":\"https:\\\/\\\/www.laconcepcio.cat\\\/\",\"logo\":{\"@type\":\"ImageObject\",\"inLanguage\":\"es\",\"@id\":\"https:\\\/\\\/www.laconcepcio.cat\\\/#\\\/schema\\\/logo\\\/image\\\/\",\"url\":\"\",\"contentUrl\":\"\",\"caption\":\"Reemocioart\"},\"image\":{\"@id\":\"https:\\\/\\\/www.laconcepcio.cat\\\/#\\\/schema\\\/logo\\\/image\\\/\"},\"sameAs\":[\"https:\\\/\\\/www.facebook.com\\\/people\\\/Reemocioart\\\/100076073310442\\\/\",\"https:\\\/\\\/www.instagram.com\\\/reemocioart\\\/\"]}]}<\/script>\n<!-- \/ Yoast SEO plugin. -->","yoast_head_json":{"title":"Recetas - Mercat de la Concepci\u00f3","robots":{"index":"index","follow":"follow","max-snippet":"max-snippet:-1","max-image-preview":"max-image-preview:large","max-video-preview":"max-video-preview:-1"},"canonical":"https:\/\/www.laconcepcio.cat\/es\/recetas\/","og_locale":"es_ES","og_type":"article","og_title":"Recetas - Mercat de la Concepci\u00f3","og_description":"TodasPrimeros platosSegundos platosPostresButifarra con champi\u00f1ones guisadosCabrito a la cervezaCabrito castellanoCodo estofado y patatas salteadas con baconCrema de champi\u00f1onesEnsalada de frutasEnsalada de patataFondue suizaLomo con mostaza al estrag\u00f3nLomo de cerdo a la sal en el hornoManos o pies de cerdo con tomatePanellets","og_url":"https:\/\/www.laconcepcio.cat\/es\/recetas\/","og_site_name":"Mercat de la Concepci\u00f3","article_publisher":"https:\/\/www.facebook.com\/people\/Reemocioart\/100076073310442\/","article_modified_time":"2024-02-19T10:48:14+00:00","og_image":[{"width":1440,"height":400,"url":"https:\/\/www.laconcepcio.cat\/wp-content\/uploads\/bg-cab-receptes.jpg","type":"image\/jpeg"}],"twitter_card":"summary_large_image","schema":{"@context":"https:\/\/schema.org","@graph":[{"@type":"WebPage","@id":"https:\/\/www.laconcepcio.cat\/es\/recetas\/","url":"https:\/\/www.laconcepcio.cat\/es\/recetas\/","name":"Recetas - Mercat de la Concepci\u00f3","isPartOf":{"@id":"https:\/\/www.laconcepcio.cat\/#website"},"primaryImageOfPage":{"@id":"https:\/\/www.laconcepcio.cat\/es\/recetas\/#primaryimage"},"image":{"@id":"https:\/\/www.laconcepcio.cat\/es\/recetas\/#primaryimage"},"thumbnailUrl":"https:\/\/www.laconcepcio.cat\/wp-content\/uploads\/bg-cab-receptes.jpg","datePublished":"2024-01-25T17:22:16+00:00","dateModified":"2024-02-19T10:48:14+00:00","breadcrumb":{"@id":"https:\/\/www.laconcepcio.cat\/es\/recetas\/#breadcrumb"},"inLanguage":"es","potentialAction":[{"@type":"ReadAction","target":["https:\/\/www.laconcepcio.cat\/es\/recetas\/"]}]},{"@type":"ImageObject","inLanguage":"es","@id":"https:\/\/www.laconcepcio.cat\/es\/recetas\/#primaryimage","url":"https:\/\/www.laconcepcio.cat\/wp-content\/uploads\/bg-cab-receptes.jpg","contentUrl":"https:\/\/www.laconcepcio.cat\/wp-content\/uploads\/bg-cab-receptes.jpg","width":1440,"height":400},{"@type":"BreadcrumbList","@id":"https:\/\/www.laconcepcio.cat\/es\/recetas\/#breadcrumb","itemListElement":[{"@type":"ListItem","position":1,"name":"Portada","item":"https:\/\/www.laconcepcio.cat\/es\/"},{"@type":"ListItem","position":2,"name":"Recetas"}]},{"@type":"WebSite","@id":"https:\/\/www.laconcepcio.cat\/#website","url":"https:\/\/www.laconcepcio.cat\/","name":"Mercat de la Concepci\u00f3","description":"","publisher":{"@id":"https:\/\/www.laconcepcio.cat\/#organization"},"alternateName":"Velas naturales","potentialAction":[{"@type":"SearchAction","target":{"@type":"EntryPoint","urlTemplate":"https:\/\/www.laconcepcio.cat\/?s={search_term_string}"},"query-input":{"@type":"PropertyValueSpecification","valueRequired":true,"valueName":"search_term_string"}}],"inLanguage":"es"},{"@type":"Organization","@id":"https:\/\/www.laconcepcio.cat\/#organization","name":"Reemocioart","alternateName":"Reemocioart","url":"https:\/\/www.laconcepcio.cat\/","logo":{"@type":"ImageObject","inLanguage":"es","@id":"https:\/\/www.laconcepcio.cat\/#\/schema\/logo\/image\/","url":"","contentUrl":"","caption":"Reemocioart"},"image":{"@id":"https:\/\/www.laconcepcio.cat\/#\/schema\/logo\/image\/"},"sameAs":["https:\/\/www.facebook.com\/people\/Reemocioart\/100076073310442\/","https:\/\/www.instagram.com\/reemocioart\/"]}]}},"_links":{"self":[{"href":"https:\/\/www.laconcepcio.cat\/es\/wp-json\/wp\/v2\/pages\/9231","targetHints":{"allow":["GET"]}}],"collection":[{"href":"https:\/\/www.laconcepcio.cat\/es\/wp-json\/wp\/v2\/pages"}],"about":[{"href":"https:\/\/www.laconcepcio.cat\/es\/wp-json\/wp\/v2\/types\/page"}],"author":[{"embeddable":true,"href":"https:\/\/www.laconcepcio.cat\/es\/wp-json\/wp\/v2\/users\/2"}],"replies":[{"embeddable":true,"href":"https:\/\/www.laconcepcio.cat\/es\/wp-json\/wp\/v2\/comments?post=9231"}],"version-history":[{"count":1,"href":"https:\/\/www.laconcepcio.cat\/es\/wp-json\/wp\/v2\/pages\/9231\/revisions"}],"predecessor-version":[{"id":9232,"href":"https:\/\/www.laconcepcio.cat\/es\/wp-json\/wp\/v2\/pages\/9231\/revisions\/9232"}],"wp:featuredmedia":[{"embeddable":true,"href":"https:\/\/www.laconcepcio.cat\/es\/wp-json\/wp\/v2\/media\/3149"}],"wp:attachment":[{"href":"https:\/\/www.laconcepcio.cat\/es\/wp-json\/wp\/v2\/media?parent=9231"}],"curies":[{"name":"wp","href":"https:\/\/api.w.org\/{rel}","templated":true}]}}